{"id":697,"date":"2024-03-11T20:46:25","date_gmt":"2024-03-11T20:46:25","guid":{"rendered":"http:\/\/172.27.0.34\/wordpress\/?page_id=697"},"modified":"2024-03-11T20:53:57","modified_gmt":"2024-03-11T20:53:57","slug":"procesos","status":"publish","type":"page","link":"https:\/\/ceiba.sanmateo.edu.co\/wordpress\/index.php\/procesos\/","title":{"rendered":"Procesos"},"content":{"rendered":"\t\t<div data-elementor-type=\"wp-page\" data-elementor-id=\"697\" class=\"elementor elementor-697\">\n\t\t\t\t\t\t<\/div>\n\t\t","protected":false},"excerpt":{"rendered":"<p>T\u00edtulo de la pesta\u00f1a 1 del acorde\u00f3nLorem fistrum me cago en tus muelas se calle ust\u00e9e de la pradera me cago en tus muelas apetecan al ataquerl al ataquerl. Est\u00e1 la cosa muy malar a wan fistro apetecan sexuarl. No puedor apetecan por la gloria de mi madre te voy a borrar el cerito no [&hellip;]<\/p>\n","protected":false},"author":1,"featured_media":0,"parent":0,"menu_order":0,"comment_status":"closed","ping_status":"closed","template":"","meta":{"footnotes":""},"class_list":["post-697","page","type-page","status-publish","hentry"],"_links":{"self":[{"href":"https:\/\/ceiba.sanmateo.edu.co\/wordpress\/index.php\/wp-json\/wp\/v2\/pages\/697","targetHints":{"allow":["GET"]}}],"collection":[{"href":"https:\/\/ceiba.sanmateo.edu.co\/wordpress\/index.php\/wp-json\/wp\/v2\/pages"}],"about":[{"href":"https:\/\/ceiba.sanmateo.edu.co\/wordpress\/index.php\/wp-json\/wp\/v2\/types\/page"}],"author":[{"embeddable":true,"href":"https:\/\/ceiba.sanmateo.edu.co\/wordpress\/index.php\/wp-json\/wp\/v2\/users\/1"}],"replies":[{"embeddable":true,"href":"https:\/\/ceiba.sanmateo.edu.co\/wordpress\/index.php\/wp-json\/wp\/v2\/comments?post=697"}],"version-history":[{"count":4,"href":"https:\/\/ceiba.sanmateo.edu.co\/wordpress\/index.php\/wp-json\/wp\/v2\/pages\/697\/revisions"}],"predecessor-version":[{"id":702,"href":"https:\/\/ceiba.sanmateo.edu.co\/wordpress\/index.php\/wp-json\/wp\/v2\/pages\/697\/revisions\/702"}],"wp:attachment":[{"href":"https:\/\/ceiba.sanmateo.edu.co\/wordpress\/index.php\/wp-json\/wp\/v2\/media?parent=697"}],"curies":[{"name":"wp","href":"https:\/\/api.w.org\/{rel}","templated":true}]}}